{"id":2203,"date":"2022-09-30T11:01:26","date_gmt":"2022-09-30T15:01:26","guid":{"rendered":"http:\/\/artemanos.com.py\/my-account-2\/"},"modified":"2022-09-30T11:01:34","modified_gmt":"2022-09-30T15:01:34","slug":"my-account-2","status":"publish","type":"page","link":"https:\/\/artemanos.com.py\/es\/my-account-2\/","title":{"rendered":"My Account"},"content":{"rendered":"<div data-elementor-type=\"wp-page\" data-elementor-id=\"2203\" class=\"elementor elementor-2203\" data-elementor-post-type=\"page\">\n\t\t\t\t\t\t<section data-particle_enable=\"false\" data-particle-mobile-disabled=\"false\" class=\"elementor-section elementor-top-section elementor-element elementor-element-78e057 elementor-reverse-tablet elementor-reverse-mobile elementor-section-boxed elementor-section-height-default elementor-section-height-default\" data-id=\"78e057\" data-element_type=\"section\" data-e-type=\"section\">\n\t\t\t\t\t\t<div class=\"elementor-container elementor-column-gap-no\">\n\t\t\t\t\t<div class=\"elementor-column elementor-col-100 elementor-top-column elementor-element elementor-element-28b8590f\" data-id=\"28b8590f\" data-element_type=\"column\" data-e-type=\"column\">\n\t\t\t<div class=\"elementor-widget-wrap elementor-element-populated\">\n\t\t\t\t\t\t<div class=\"elementor-element elementor-element-7c7e2edd elementor-headline--style-highlight elementor-widget elementor-widget-animated-headline\" data-id=\"7c7e2edd\" data-element_type=\"widget\" data-e-type=\"widget\" data-settings=\"{&quot;highlighted_text&quot;:&quot;Account&quot;,&quot;headline_style&quot;:&quot;highlight&quot;,&quot;marker&quot;:&quot;circle&quot;,&quot;loop&quot;:&quot;yes&quot;,&quot;highlight_animation_duration&quot;:1200,&quot;highlight_iteration_delay&quot;:8000}\" data-widget_type=\"animated-headline.default\">\n\t\t\t\t<div class=\"elementor-widget-container\">\n\t\t\t\t\t\t\t<h1 class=\"elementor-headline\">\n\t\t\t\t\t<span class=\"elementor-headline-plain-text elementor-headline-text-wrapper\">My<\/span>\n\t\t\t\t<span class=\"elementor-headline-dynamic-wrapper elementor-headline-text-wrapper\">\n\t\t\t\t\t<span class=\"elementor-headline-dynamic-text elementor-headline-text-active\">Account<\/span>\n\t\t\t\t<\/span>\n\t\t\t\t<\/h1>\n\t\t\t\t\t\t<\/div>\n\t\t\t\t<\/div>\n\t\t\t\t<div class=\"elementor-element elementor-element-191ec45e e-my-account-tabs-vertical elementor-widget elementor-widget-woocommerce-my-account\" data-id=\"191ec45e\" data-element_type=\"widget\" data-e-type=\"widget\" data-widget_type=\"woocommerce-my-account.default\">\n\t\t\t\t<div class=\"elementor-widget-container\">\n\t\t\t\t\t<div class=\"e-my-account-tab e-my-account-tab__\">\t\t\t<div class=\"woocommerce\"><div class=\"woocommerce-notices-wrapper\"><\/div>\n\n\t\t<h2 data-no-translation=\"\" data-trp-gettext=\"\">Acceder<\/h2>\n\n\t\t<form class=\"woocommerce-form woocommerce-form-login login\" method=\"post\" novalidate action=\"\">\n\n\t\t\t\n\t\t\t<p class=\"woocommerce-form-row woocommerce-form-row--wide form-row form-row-wide\">\n\t\t\t\t<label for=\"username\">Nombre de usuario o correo electr\u00f3nico&nbsp;<span class=\"required\" aria-hidden=\"true\">*<\/span><span class=\"screen-reader-text\" data-no-translation=\"\" data-trp-gettext=\"\">Obligatorio<\/span><\/label>\n\t\t\t\t<input type=\"text\" class=\"woocommerce-Input woocommerce-Input--text input-text\" name=\"username\" id=\"username\" autocomplete=\"username\" value=\"\" required aria-required=\"true\" \/>\t\t\t<\/p>\n\t\t\t<p class=\"woocommerce-form-row woocommerce-form-row--wide form-row form-row-wide\">\n\t\t\t\t<label for=\"password\">Contrase\u00f1a&nbsp;<span class=\"required\" aria-hidden=\"true\">*<\/span><span class=\"screen-reader-text\" data-no-translation=\"\" data-trp-gettext=\"\">Obligatorio<\/span><\/label>\n\t\t\t\t<input class=\"woocommerce-Input woocommerce-Input--text input-text\" type=\"password\" name=\"password\" id=\"password\" autocomplete=\"current-password\" required aria-required=\"true\" \/>\n\t\t\t<\/p>\n\n\t\t\t\n\t\t\t<p class=\"form-row\">\n\t\t\t\t<label class=\"woocommerce-form__label woocommerce-form__label-for-checkbox woocommerce-form-login__rememberme\">\n\t\t\t\t\t<input class=\"woocommerce-form__input woocommerce-form__input-checkbox\" name=\"rememberme\" type=\"checkbox\" id=\"rememberme\" value=\"forever\" \/> <span data-no-translation=\"\" data-trp-gettext=\"\">Recu\u00e9rdame<\/span>\n\t\t\t\t<\/label>\n\t\t\t\t<input type=\"hidden\" id=\"woocommerce-login-nonce\" name=\"woocommerce-login-nonce\" value=\"ed659d8ba3\" \/><input type=\"hidden\" name=\"_wp_http_referer\" value=\"\/es\/wp-json\/wp\/v2\/pages\/2203\" \/>\t\t\t\t<button type=\"submit\" class=\"woocommerce-button button woocommerce-form-login__submit\" name=\"login\" value=\"Acceder\" data-no-translation=\"\" data-trp-gettext=\"\" data-no-translation-value=\"\">Acceder<\/button>\n\t\t\t<\/p>\n\t\t\t<p class=\"woocommerce-LostPassword lost_password\">\n\t\t\t\t<a href=\"https:\/\/artemanos.com.py\/es\/my-account-2\/lost-password\/\" data-no-translation=\"\" data-trp-gettext=\"\">\u00bfOlvidaste la contrase\u00f1a?<\/a>\n\t\t\t<\/p>\n\n\t\t\t\n\t\t<input type=\"hidden\" name=\"trp-form-language\" value=\"es\"\/><\/form>\n\n\n<\/div>\t\t<\/div>\n\t\t\t\t\t\t<\/div>\n\t\t\t\t<\/div>\n\t\t\t\t\t<\/div>\n\t\t<\/div>\n\t\t\t\t\t<\/div>\n\t\t<\/section>\n\t\t\t\t<\/div>","protected":false},"excerpt":{"rendered":"<p>My Account Acceder Nombre de usuario o correo electr\u00f3nico&nbsp;*Obligatorio Contrase\u00f1a&nbsp;*Obligatorio Recu\u00e9rdame Acceder \u00bfOlvidaste la contrase\u00f1a? Dashboard Orders Downloads Addresses Account Details Logout Hello webmaster (not webmaster? Log out) From your account dashboard you can view your recent orders, manage your shipping and billing addresses, and edit your [&hellip;]<\/p>\n","protected":false},"author":1,"featured_media":2206,"parent":0,"menu_order":0,"comment_status":"closed","ping_status":"closed","template":"elementor_header_footer","meta":{"footnotes":""},"class_list":["post-2203","page","type-page","status-publish","has-post-thumbnail","hentry"],"yoast_head":"<!-- This site is optimized with the Yoast SEO plugin v27.5 - https:\/\/yoast.com\/product\/yoast-seo-wordpress\/ -->\n<title>My Account | ARTEMANOS | Handmade Yerba Mate Gourds and Bombillas<\/title>\n<meta name=\"robots\" content=\"index, follow, max-snippet:-1, max-image-preview:large, max-video-preview:-1\" \/>\n<link rel=\"canonical\" href=\"https:\/\/artemanos.com.py\/es\/my-account-2\/\" \/>\n<meta property=\"og:locale\" content=\"es_ES\" \/>\n<meta property=\"og:type\" content=\"article\" \/>\n<meta property=\"og:title\" content=\"My Account | ARTEMANOS | Handmade Yerba Mate Gourds and Bombillas\" \/>\n<meta property=\"og:description\" content=\"My Account Acceder Nombre de usuario o correo electr\u00f3nico&nbsp;*Obligatorio Contrase\u00f1a&nbsp;*Obligatorio Recu\u00e9rdame Acceder \u00bfOlvidaste la contrase\u00f1a? Dashboard Orders Downloads Addresses Account Details Logout Hello webmaster (not webmaster? Log out) From your account dashboard you can view your recent orders, manage your shipping and billing addresses, and edit your [&hellip;]\" \/>\n<meta property=\"og:url\" content=\"https:\/\/artemanos.com.py\/es\/my-account-2\/\" \/>\n<meta property=\"og:site_name\" content=\"ARTEMANOS | Handmade Yerba Mate Gourds and Bombillas\" \/>\n<meta property=\"article:publisher\" content=\"https:\/\/www.facebook.com\/artemanoshandmade\" \/>\n<meta property=\"article:modified_time\" content=\"2022-09-30T15:01:34+00:00\" \/>\n<meta property=\"og:image\" content=\"https:\/\/artemanos.com.py\/wp-content\/uploads\/2022\/09\/My-Account-01082022.jpg\" \/>\n\t<meta property=\"og:image:width\" content=\"400\" \/>\n\t<meta property=\"og:image:height\" content=\"380\" \/>\n\t<meta property=\"og:image:type\" content=\"image\/jpeg\" \/>\n<meta name=\"twitter:card\" content=\"summary_large_image\" \/>\n<meta name=\"twitter:site\" content=\"@ARTEMANOSSA\" \/>\n<script type=\"application\/ld+json\" class=\"yoast-schema-graph\">{\"@context\":\"https:\\\/\\\/schema.org\",\"@graph\":[{\"@type\":\"WebPage\",\"@id\":\"https:\\\/\\\/artemanos.com.py\\\/my-account-2\\\/\",\"url\":\"https:\\\/\\\/artemanos.com.py\\\/my-account-2\\\/\",\"name\":\"My Account | ARTEMANOS | Handmade Yerba Mate Gourds and Bombillas\",\"isPartOf\":{\"@id\":\"https:\\\/\\\/artemanos.com.py\\\/en\\\/#website\"},\"primaryImageOfPage\":{\"@id\":\"https:\\\/\\\/artemanos.com.py\\\/my-account-2\\\/#primaryimage\"},\"image\":{\"@id\":\"https:\\\/\\\/artemanos.com.py\\\/my-account-2\\\/#primaryimage\"},\"thumbnailUrl\":\"https:\\\/\\\/artemanos.com.py\\\/wp-content\\\/uploads\\\/2022\\\/09\\\/My-Account-01082022.jpg\",\"datePublished\":\"2022-09-30T15:01:26+00:00\",\"dateModified\":\"2022-09-30T15:01:34+00:00\",\"breadcrumb\":{\"@id\":\"https:\\\/\\\/artemanos.com.py\\\/my-account-2\\\/#breadcrumb\"},\"inLanguage\":\"es\",\"potentialAction\":[{\"@type\":\"ReadAction\",\"target\":[\"https:\\\/\\\/artemanos.com.py\\\/my-account-2\\\/\"]}]},{\"@type\":\"ImageObject\",\"inLanguage\":\"es\",\"@id\":\"https:\\\/\\\/artemanos.com.py\\\/my-account-2\\\/#primaryimage\",\"url\":\"https:\\\/\\\/artemanos.com.py\\\/wp-content\\\/uploads\\\/2022\\\/09\\\/My-Account-01082022.jpg\",\"contentUrl\":\"https:\\\/\\\/artemanos.com.py\\\/wp-content\\\/uploads\\\/2022\\\/09\\\/My-Account-01082022.jpg\",\"width\":400,\"height\":380},{\"@type\":\"BreadcrumbList\",\"@id\":\"https:\\\/\\\/artemanos.com.py\\\/my-account-2\\\/#breadcrumb\",\"itemListElement\":[{\"@type\":\"ListItem\",\"position\":1,\"name\":\"Home\",\"item\":\"https:\\\/\\\/artemanos.com.py\\\/en\\\/\"},{\"@type\":\"ListItem\",\"position\":2,\"name\":\"My Account\"}]},{\"@type\":\"WebSite\",\"@id\":\"https:\\\/\\\/artemanos.com.py\\\/en\\\/#website\",\"url\":\"https:\\\/\\\/artemanos.com.py\\\/en\\\/\",\"name\":\"ARTEMANOS\",\"description\":\"Buy Yerba Mate Gourds, Sets and Bombillas. We send to U.S.\",\"publisher\":{\"@id\":\"https:\\\/\\\/artemanos.com.py\\\/en\\\/#organization\"},\"alternateName\":\"Artemanos SA\",\"potentialAction\":[{\"@type\":\"SearchAction\",\"target\":{\"@type\":\"EntryPoint\",\"urlTemplate\":\"https:\\\/\\\/artemanos.com.py\\\/en\\\/?s={search_term_string}\"},\"query-input\":{\"@type\":\"PropertyValueSpecification\",\"valueRequired\":true,\"valueName\":\"search_term_string\"}}],\"inLanguage\":\"es\"},{\"@type\":\"Organization\",\"@id\":\"https:\\\/\\\/artemanos.com.py\\\/en\\\/#organization\",\"name\":\"ARTEMANOS SA\",\"alternateName\":\"ARTEMANOS\",\"url\":\"https:\\\/\\\/artemanos.com.py\\\/en\\\/\",\"logo\":{\"@type\":\"ImageObject\",\"inLanguage\":\"es\",\"@id\":\"https:\\\/\\\/artemanos.com.py\\\/en\\\/#\\\/schema\\\/logo\\\/image\\\/\",\"url\":\"https:\\\/\\\/artemanos.com.py\\\/wp-content\\\/uploads\\\/2022\\\/06\\\/cropped-Untitled_design-removebg.png\",\"contentUrl\":\"https:\\\/\\\/artemanos.com.py\\\/wp-content\\\/uploads\\\/2022\\\/06\\\/cropped-Untitled_design-removebg.png\",\"width\":512,\"height\":512,\"caption\":\"ARTEMANOS SA\"},\"image\":{\"@id\":\"https:\\\/\\\/artemanos.com.py\\\/en\\\/#\\\/schema\\\/logo\\\/image\\\/\"},\"sameAs\":[\"https:\\\/\\\/www.facebook.com\\\/artemanoshandmade\",\"https:\\\/\\\/x.com\\\/ARTEMANOSSA\",\"https:\\\/\\\/www.pinterest.com\\\/artemanossa\\\/\",\"https:\\\/\\\/www.instagram.com\\\/artemanossa\\\/\",\"https:\\\/\\\/www.etsy.com\\\/shop\\\/ARTEMANOSSA\"]}]}<\/script>\n<!-- \/ Yoast SEO plugin. -->","yoast_head_json":{"title":"My Account | ARTEMANOS | Handmade Yerba Mate Gourds and Bombillas","robots":{"index":"index","follow":"follow","max-snippet":"max-snippet:-1","max-image-preview":"max-image-preview:large","max-video-preview":"max-video-preview:-1"},"canonical":"https:\/\/artemanos.com.py\/es\/my-account-2\/","og_locale":"es_ES","og_type":"article","og_title":"My Account | ARTEMANOS | Handmade Yerba Mate Gourds and Bombillas","og_description":"My Account Acceder Nombre de usuario o correo electr\u00f3nico&nbsp;*Obligatorio Contrase\u00f1a&nbsp;*Obligatorio Recu\u00e9rdame Acceder \u00bfOlvidaste la contrase\u00f1a? Dashboard Orders Downloads Addresses Account Details Logout Hello webmaster (not webmaster? Log out) From your account dashboard you can view your recent orders, manage your shipping and billing addresses, and edit your [&hellip;]","og_url":"https:\/\/artemanos.com.py\/es\/my-account-2\/","og_site_name":"ARTEMANOS | Handmade Yerba Mate Gourds and Bombillas","article_publisher":"https:\/\/www.facebook.com\/artemanoshandmade","article_modified_time":"2022-09-30T15:01:34+00:00","og_image":[{"width":400,"height":380,"url":"https:\/\/artemanos.com.py\/wp-content\/uploads\/2022\/09\/My-Account-01082022.jpg","type":"image\/jpeg"}],"twitter_card":"summary_large_image","twitter_site":"@ARTEMANOSSA","schema":{"@context":"https:\/\/schema.org","@graph":[{"@type":"WebPage","@id":"https:\/\/artemanos.com.py\/my-account-2\/","url":"https:\/\/artemanos.com.py\/my-account-2\/","name":"My Account | ARTEMANOS | Handmade Yerba Mate Gourds and Bombillas","isPartOf":{"@id":"https:\/\/artemanos.com.py\/en\/#website"},"primaryImageOfPage":{"@id":"https:\/\/artemanos.com.py\/my-account-2\/#primaryimage"},"image":{"@id":"https:\/\/artemanos.com.py\/my-account-2\/#primaryimage"},"thumbnailUrl":"https:\/\/artemanos.com.py\/wp-content\/uploads\/2022\/09\/My-Account-01082022.jpg","datePublished":"2022-09-30T15:01:26+00:00","dateModified":"2022-09-30T15:01:34+00:00","breadcrumb":{"@id":"https:\/\/artemanos.com.py\/my-account-2\/#breadcrumb"},"inLanguage":"es","potentialAction":[{"@type":"ReadAction","target":["https:\/\/artemanos.com.py\/my-account-2\/"]}]},{"@type":"ImageObject","inLanguage":"es","@id":"https:\/\/artemanos.com.py\/my-account-2\/#primaryimage","url":"https:\/\/artemanos.com.py\/wp-content\/uploads\/2022\/09\/My-Account-01082022.jpg","contentUrl":"https:\/\/artemanos.com.py\/wp-content\/uploads\/2022\/09\/My-Account-01082022.jpg","width":400,"height":380},{"@type":"BreadcrumbList","@id":"https:\/\/artemanos.com.py\/my-account-2\/#breadcrumb","itemListElement":[{"@type":"ListItem","position":1,"name":"Home","item":"https:\/\/artemanos.com.py\/en\/"},{"@type":"ListItem","position":2,"name":"My Account"}]},{"@type":"WebSite","@id":"https:\/\/artemanos.com.py\/en\/#website","url":"https:\/\/artemanos.com.py\/en\/","name":"ARTEMANOS","description":"Buy Yerba Mate Gourds, Sets and Bombillas. We send to U.S.","publisher":{"@id":"https:\/\/artemanos.com.py\/en\/#organization"},"alternateName":"Artemanos SA","potentialAction":[{"@type":"SearchAction","target":{"@type":"EntryPoint","urlTemplate":"https:\/\/artemanos.com.py\/en\/?s={search_term_string}"},"query-input":{"@type":"PropertyValueSpecification","valueRequired":true,"valueName":"search_term_string"}}],"inLanguage":"es"},{"@type":"Organization","@id":"https:\/\/artemanos.com.py\/en\/#organization","name":"ARTEMANOS SA","alternateName":"ARTEMANOS","url":"https:\/\/artemanos.com.py\/en\/","logo":{"@type":"ImageObject","inLanguage":"es","@id":"https:\/\/artemanos.com.py\/en\/#\/schema\/logo\/image\/","url":"https:\/\/artemanos.com.py\/wp-content\/uploads\/2022\/06\/cropped-Untitled_design-removebg.png","contentUrl":"https:\/\/artemanos.com.py\/wp-content\/uploads\/2022\/06\/cropped-Untitled_design-removebg.png","width":512,"height":512,"caption":"ARTEMANOS SA"},"image":{"@id":"https:\/\/artemanos.com.py\/en\/#\/schema\/logo\/image\/"},"sameAs":["https:\/\/www.facebook.com\/artemanoshandmade","https:\/\/x.com\/ARTEMANOSSA","https:\/\/www.pinterest.com\/artemanossa\/","https:\/\/www.instagram.com\/artemanossa\/","https:\/\/www.etsy.com\/shop\/ARTEMANOSSA"]}]}},"_links":{"self":[{"href":"https:\/\/artemanos.com.py\/es\/wp-json\/wp\/v2\/pages\/2203","targetHints":{"allow":["GET"]}}],"collection":[{"href":"https:\/\/artemanos.com.py\/es\/wp-json\/wp\/v2\/pages"}],"about":[{"href":"https:\/\/artemanos.com.py\/es\/wp-json\/wp\/v2\/types\/page"}],"author":[{"embeddable":true,"href":"https:\/\/artemanos.com.py\/es\/wp-json\/wp\/v2\/users\/1"}],"replies":[{"embeddable":true,"href":"https:\/\/artemanos.com.py\/es\/wp-json\/wp\/v2\/comments?post=2203"}],"version-history":[{"count":3,"href":"https:\/\/artemanos.com.py\/es\/wp-json\/wp\/v2\/pages\/2203\/revisions"}],"predecessor-version":[{"id":2261,"href":"https:\/\/artemanos.com.py\/es\/wp-json\/wp\/v2\/pages\/2203\/revisions\/2261"}],"wp:featuredmedia":[{"embeddable":true,"href":"https:\/\/artemanos.com.py\/es\/wp-json\/wp\/v2\/media\/2206"}],"wp:attachment":[{"href":"https:\/\/artemanos.com.py\/es\/wp-json\/wp\/v2\/media?parent=2203"}],"curies":[{"name":"wp","href":"https:\/\/api.w.org\/{rel}","templated":true}]}}